{"id":1243,"date":"2023-04-11T21:02:40","date_gmt":"2023-04-11T19:02:40","guid":{"rendered":"https:\/\/www.pujcovna-martinek.cz\/?page_id=1243"},"modified":"2023-05-04T14:07:10","modified_gmt":"2023-05-04T12:07:10","slug":"dumpery","status":"publish","type":"page","link":"https:\/\/www.pujcovna-martinek.cz\/index.php\/dumpery\/","title":{"rendered":"Dumpery"},"content":{"rendered":"\n<h2>\n\t\tP\u00e1sov\u00fd dumper DT08 Wacker Neuson\n\t<\/h2>\n\t<p>Wacker Neuson DT08 dumper je ide\u00e1ln\u00edm strojem pro p\u0159epravu a vykl\u00e1dku materi\u00e1l\u016f na staveni\u0161t\u00edch. Tento dumper je poh\u00e1n\u011bn v\u00fdkonn\u00fdm motorem YANMAR diesel. S dv\u011bma pracovn\u00edmi rychlostmi a max. stoupavost\u00ed 36% dok\u00e1\u017ee tento stroj snadno a efektivn\u011b p\u0159ev\u00e1\u017eet n\u00e1klady na r\u016fzn\u00fdch ter\u00e9nech.<\/p>\n<p>Toto za\u0159\u00edzen\u00ed umo\u017e\u0148uje snadn\u00e9 a rychl\u00e9 nakl\u00e1d\u00e1n\u00ed materi\u00e1lu, a\u0165 u\u017e se jedn\u00e1 o navr\u0161en\u00fd nebo tekut\u00fd n\u00e1klad.<\/p>\n<p>DT08 dumper je skv\u011blou volbou pro ka\u017ed\u00e9ho, kdo pot\u0159ebuje spolehliv\u00fd a v\u00fdkonn\u00fd stroj pro p\u0159epravu a vykl\u00e1dku materi\u00e1l\u016f na staveni\u0161t\u00edch. Jeho kompaktn\u00ed rozm\u011bry a vysok\u00e1 flexibilita umo\u017e\u0148uj\u00ed efektivn\u00ed a rychlou pr\u00e1ci na r\u016fzn\u00fdch druz\u00edch ter\u00e9nu.<\/p>\n\t\t\t<a href=\"#formular\" target=\"_self\" role=\"button\" rel=\"noopener\">\n\t\t\t\t\t\t\tNEZ\u00c1VAZN\u011a POPTAT\n\t\t\t\t\t<\/a>\n\t\t\t\t<a href=\"https:\/\/www.pujcovna-martinek.cz\/wp-content\/uploads\/2023\/04\/dumper.png\" target=\"_self\" itemprop=\"url\" rel=\"noopener\">\n\t\t\t\t<img decoding=\"async\" src=\"https:\/\/www.pujcovna-martinek.cz\/wp-content\/uploads\/2023\/04\/dumper.png\" alt=\"dumper\" itemprop=\"image\" title=\"dumper\" onerror=\"this.style.display='none'\"  \/>\n\t\t\t\t<\/a>\n\t<!DOCTYPE html>\n<html>\n<head>\n<style>\n  table {\n    border-collapse: collapse;\n    width: 100%;\n  }\n  th, td {\n    border: 1px solid black;\n    text-align: center;\n    padding: 8px;\n  }\n  th {\n    background-color: rgba(30, 30, 30, 0.68);\n    color: white;\n  }\n<\/style>\n<\/head>\n<body>\n<table>\n  <thead>\n    <tr>\n      <th>D\u00e9lka pron\u00e1jmu<\/th>\n      <th>Cena za den<\/th>\n    <\/tr>\n  <\/thead>\n  <tbody>\n    <tr>\n      <td>1-7 dn\u00ed<\/td>\n      <td>2.000 K\u010d<\/td>\n    <\/tr>\n    <tr>\n      <td>8 a v\u00edce<\/td>\n      <td>1.700 K\u010d<\/td>\n    <\/tr>\n  <\/tbody>\n<\/table>\n<\/body>\n<\/html>\n<h3>\n\t\tSpecifikace\n\t<\/h3>\n\t<!DOCTYPE html>\n<html>\n<head>\n<style>\n  .custom-table {\n    border-collapse: collapse;\n    width: 100%;\n    background-color: white;\n  }\n  .custom-table th, .custom-table td {\n    padding: 8px;\n    border: 1px solid white;\n    color: black;\n  }\n  .custom-table th {\n    background-color: white;\n    text-align: right;\n    width: 50%;\n  }\n  .custom-table td {\n    text-align: left;\n    width: 50%;\n  }\n<\/style>\n<\/head>\n<body>\n<table>\n  <tr>\n    <th>V\u00fdkon:<\/th>\n    <td>6.8 kW<\/td>\n  <\/tr>\n  <tr>\n    <th>Pracovn\u00ed rychlost:<\/th>\n    <td>2,1 \/ 4,2 km\/h<\/td>\n  <\/tr>\n  <tr>\n    <th>Max. stoupavost:<\/th>\n    <td>36%<\/td>\n  <\/tr>\n  <tr>\n    <th>Max pracovn\u00ed \u0161\u00ed\u0159e:<\/th>\n    <td>790 mm<\/td>\n  <\/tr>\n  <tr>\n    <th>Rozm\u011bry:<\/th>\n    <td>1,660 x 790 x 1,203 mm<\/td>\n  <\/tr>\n  <tr>\n    <th>Objem korby:<\/th>\n    <td>0,387 m3 (navr\u0161en\u00fd n\u00e1klad), 0,166 m3 (tekut\u00fd n\u00e1klad)<\/td>\n  <\/tr>\n<\/table>\n<\/body>\n<\/html>\n\t<div class=\"wpforms-container \" id=\"wpforms-981\"><form id=\"wpforms-form-981\" class=\"wpforms-validate wpforms-form\" data-formid=\"981\" method=\"post\" enctype=\"multipart\/form-data\" action=\"\/index.php\/wp-json\/wp\/v2\/pages\/1243\" data-token=\"4cf54aa37bb3d7afacf031d71d922f4b\" data-token-time=\"1778973196\"><noscript class=\"wpforms-error-noscript\">Chcete-li vyplnit tento formul\u00e1\u0159, pros\u00edm povolte v prohl\u00ed\u017ee\u010di JavaScript.<\/noscript><div class=\"wpforms-field-container\"><div id=\"wpforms-981-field_13-container\" class=\"wpforms-field wpforms-field-name\" data-field-id=\"13\"><label class=\"wpforms-field-label\">Jm\u00e9no <span class=\"wpforms-required-label\">*<\/span><\/label><div class=\"wpforms-field-row wpforms-field-large\"><div class=\"wpforms-field-row-block wpforms-first wpforms-one-half\"><input type=\"text\" id=\"wpforms-981-field_13\" class=\"wpforms-field-name-first wpforms-field-required\" name=\"wpforms[fields][13][first]\" required><label for=\"wpforms-981-field_13\" class=\"wpforms-field-sublabel after\">K\u0159estn\u00ed jm\u00e9no<\/label><\/div><div class=\"wpforms-field-row-block wpforms-one-half\"><input type=\"text\" id=\"wpforms-981-field_13-last\" class=\"wpforms-field-name-last wpforms-field-required\" name=\"wpforms[fields][13][last]\" required><label for=\"wpforms-981-field_13-last\" class=\"wpforms-field-sublabel after\">P\u0159\u00edjmen\u00ed<\/label><\/div><\/div><\/div><div id=\"wpforms-981-field_14-container\" class=\"wpforms-field wpforms-field-email\" data-field-id=\"14\"><label class=\"wpforms-field-label\" for=\"wpforms-981-field_14\">E-mail <span class=\"wpforms-required-label\">*<\/span><\/label><input type=\"email\" id=\"wpforms-981-field_14\" class=\"wpforms-field-large wpforms-field-required\" name=\"wpforms[fields][14]\" spellcheck=\"false\" required><\/div><div id=\"wpforms-981-field_3-container\" class=\"wpforms-field wpforms-field-number\" data-field-id=\"3\"><label class=\"wpforms-field-label\" for=\"wpforms-981-field_3\">Telefonn\u00ed \u010d\u00edslo <span class=\"wpforms-required-label\">*<\/span><\/label><input type=\"number\" id=\"wpforms-981-field_3\" class=\"wpforms-field-large wpforms-field-required\" name=\"wpforms[fields][3]\" placeholder=\"Telefonn\u00ed \u010d\u00edslo\" step=\"any\" required><\/div><div id=\"wpforms-981-field_15-container\" class=\"wpforms-field wpforms-field-textarea\" data-field-id=\"15\"><label class=\"wpforms-field-label\" for=\"wpforms-981-field_15\">Zpr\u00e1va<\/label><textarea id=\"wpforms-981-field_15\" class=\"wpforms-field-medium\" name=\"wpforms[fields][15]\" ><\/textarea><\/div><\/div><!-- .wpforms-field-container --><div class=\"wpforms-field wpforms-field-hp\"><label for=\"wpforms-981-field-hp\" class=\"wpforms-field-label\">Name<\/label><input type=\"text\" name=\"wpforms[hp]\" id=\"wpforms-981-field-hp\" class=\"wpforms-field-medium\"><\/div><div class=\"wpforms-submit-container\" ><input type=\"hidden\" name=\"wpforms[id]\" value=\"981\"><input type=\"hidden\" name=\"page_title\" value=\"\"><input type=\"hidden\" name=\"page_url\" value=\"https:\/\/www.pujcovna-martinek.cz\/index.php\/wp-json\/wp\/v2\/pages\/1243\"><input type=\"hidden\" name=\"url_referer\" value=\"\"><button type=\"submit\" name=\"wpforms[submit]\" id=\"wpforms-submit-981\" class=\"wpforms-submit\" data-alt-text=\"Odes\u00edl\u00e1n\u00ed...\" data-submit-text=\"Nez\u00e1vazn\u011b poptat\" aria-live=\"assertive\" value=\"wpforms-submit\">Nez\u00e1vazn\u011b poptat<\/button><\/div><\/form><\/div>  <!-- .wpforms-container -->\n\n","protected":false},"excerpt":{"rendered":"<p>P\u00e1sov\u00fd dumper DT08 Wacker Neuson Wacker Neuson DT08 dumper je ide\u00e1ln\u00edm strojem pro p\u0159epravu a vykl\u00e1dku materi\u00e1l\u016f na staveni\u0161t\u00edch. Tento dumper je poh\u00e1n\u011bn v\u00fdkonn\u00fdm motorem YANMAR diesel. S dv\u011bma pracovn\u00edmi rychlostmi a max. stoupavost\u00ed 36% dok\u00e1\u017ee tento stroj snadno a efektivn\u011b p\u0159ev\u00e1\u017eet n\u00e1klady na r\u016fzn\u00fdch ter\u00e9nech. Toto za\u0159\u00edzen\u00ed umo\u017e\u0148uje snadn\u00e9 a rychl\u00e9 nakl\u00e1d\u00e1n\u00ed materi\u00e1lu, a\u0165 [&hellip;]<\/p>\n","protected":false},"author":2,"featured_media":0,"parent":0,"menu_order":0,"comment_status":"closed","ping_status":"closed","template":"","meta":{"site-sidebar-layout":"default","site-content-layout":"","ast-site-content-layout":"","site-content-style":"default","site-sidebar-style":"default","ast-global-header-display":"","ast-banner-title-visibility":"","ast-main-header-display":"","ast-hfb-above-header-display":"","ast-hfb-below-header-display":"","ast-hfb-mobile-header-display":"","site-post-title":"","ast-breadcrumbs-content":"","ast-featured-img":"","footer-sml-layout":"","theme-transparent-header-meta":"","adv-header-id-meta":"","stick-header-meta":"","header-above-stick-meta":"","header-main-stick-meta":"","header-below-stick-meta":"","astra-migrate-meta-layouts":"default","ast-page-background-enabled":"default","ast-page-background-meta":{"desktop":{"background-color":"","background-image":"","background-repeat":"repeat","background-position":"center center","background-size":"auto","background-attachment":"scroll","background-type":"","background-media":"","overlay-type":"","overlay-color":"","overlay-gradient":""},"tablet":{"background-color":"","background-image":"","background-repeat":"repeat","background-position":"center center","background-size":"auto","background-attachment":"scroll","background-type":"","background-media":"","overlay-type":"","overlay-color":"","overlay-gradient":""},"mobile":{"background-color":"","background-image":"","background-repeat":"repeat","background-position":"center center","background-size":"auto","background-attachment":"scroll","background-type":"","background-media":"","overlay-type":"","overlay-color":"","overlay-gradient":""}},"ast-content-background-meta":{"desktop":{"background-color":"var(--ast-global-color-5)","background-image":"","background-repeat":"repeat","background-position":"center center","background-size":"auto","background-attachment":"scroll","background-type":"","background-media":"","overlay-type":"","overlay-color":"","overlay-gradient":""},"tablet":{"background-color":"var(--ast-global-color-5)","background-image":"","background-repeat":"repeat","background-position":"center center","background-size":"auto","background-attachment":"scroll","background-type":"","background-media":"","overlay-type":"","overlay-color":"","overlay-gradient":""},"mobile":{"background-color":"var(--ast-global-color-5)","background-image":"","background-repeat":"repeat","background-position":"center center","background-size":"auto","background-attachment":"scroll","background-type":"","background-media":"","overlay-type":"","overlay-color":"","overlay-gradient":""}},"footnotes":""},"class_list":["post-1243","page","type-page","status-publish","hentry"],"aioseo_notices":[],"_links":{"self":[{"href":"https:\/\/www.pujcovna-martinek.cz\/index.php\/wp-json\/wp\/v2\/pages\/1243","targetHints":{"allow":["GET"]}}],"collection":[{"href":"https:\/\/www.pujcovna-martinek.cz\/index.php\/wp-json\/wp\/v2\/pages"}],"about":[{"href":"https:\/\/www.pujcovna-martinek.cz\/index.php\/wp-json\/wp\/v2\/types\/page"}],"author":[{"embeddable":true,"href":"https:\/\/www.pujcovna-martinek.cz\/index.php\/wp-json\/wp\/v2\/users\/2"}],"replies":[{"embeddable":true,"href":"https:\/\/www.pujcovna-martinek.cz\/index.php\/wp-json\/wp\/v2\/comments?post=1243"}],"version-history":[{"count":11,"href":"https:\/\/www.pujcovna-martinek.cz\/index.php\/wp-json\/wp\/v2\/pages\/1243\/revisions"}],"predecessor-version":[{"id":1350,"href":"https:\/\/www.pujcovna-martinek.cz\/index.php\/wp-json\/wp\/v2\/pages\/1243\/revisions\/1350"}],"wp:attachment":[{"href":"https:\/\/www.pujcovna-martinek.cz\/index.php\/wp-json\/wp\/v2\/media?parent=1243"}],"curies":[{"name":"wp","href":"https:\/\/api.w.org\/{rel}","templated":true}]}}